{"id":538,"date":"2024-03-12T10:16:49","date_gmt":"2024-03-12T10:16:49","guid":{"rendered":"https:\/\/greekspiritcarrental.gr\/datenschutzbestimmungen\/"},"modified":"2024-04-05T09:52:09","modified_gmt":"2024-04-05T09:52:09","slug":"datenschutzbestimmungen","status":"publish","type":"page","link":"https:\/\/greekspiritcarrental.gr\/de\/datenschutzbestimmungen\/","title":{"rendered":"Datenschutzbestimmungen"},"content":{"rendered":"<p>[et_pb_section fb_built=&#8220;1&#8243; module_class=&#8220;main-banner&#8220; _builder_version=&#8220;4.23.1&#8243; _module_preset=&#8220;default&#8220; use_background_color_gradient=&#8220;on&#8220; background_color_gradient_direction=&#8220;90deg&#8220; background_color_gradient_stops=&#8220;#ffffff 30%|rgba(10,1,1,0.08) 100%&#8220; background_color_gradient_overlays_image=&#8220;on&#8220; background_image=&#8220;https:\/\/greekspiritcarrental.gr\/wp-content\/uploads\/2023\/12\/aboutus-banner-2.jpg&#8220; parallax=&#8220;on&#8220; global_colors_info=&#8220;{}&#8220; theme_builder_area=&#8220;post_content&#8220;][et_pb_row _builder_version=&#8220;4.23.1&#8243; _module_preset=&#8220;default&#8220; animation_style=&#8220;slide&#8220; animation_direction=&#8220;bottom&#8220; global_colors_info=&#8220;{}&#8220; theme_builder_area=&#8220;post_content&#8220;][et_pb_column type=&#8220;4_4&#8243; _builder_version=&#8220;4.23.1&#8243; _module_preset=&#8220;default&#8220; global_colors_info=&#8220;{}&#8220; theme_builder_area=&#8220;post_content&#8220;][et_pb_text _builder_version=&#8220;4.23.1&#8243; _module_preset=&#8220;default&#8220; header_text_color=&#8220;gcid-df2aafa5-7ab2-4adc-8137-68e60c88de2f&#8220; header_font_size=&#8220;40px&#8220; custom_margin=&#8220;||20px||false|false&#8220; hover_enabled=&#8220;0&#8243; global_colors_info=&#8220;{%22gcid-df2aafa5-7ab2-4adc-8137-68e60c88de2f%22:%91%22header_text_color%22%93}&#8220; theme_builder_area=&#8220;post_content&#8220; sticky_enabled=&#8220;0&#8243;]<\/p>\n<h1><strong>Datenschutzbestimmungen<\/strong><\/h1>\n<p>[\/et_pb_text][\/et_pb_column][\/et_pb_row][\/et_pb_section][et_pb_section fb_built=&#8220;1&#8243; _builder_version=&#8220;4.23.1&#8243; _module_preset=&#8220;default&#8220; global_colors_info=&#8220;{}&#8220; theme_builder_area=&#8220;post_content&#8220;][et_pb_row _builder_version=&#8220;4.23.1&#8243; _module_preset=&#8220;default&#8220; hover_enabled=&#8220;0&#8243; global_colors_info=&#8220;{}&#8220; theme_builder_area=&#8220;post_content&#8220; sticky_enabled=&#8220;0&#8243; max_width=&#8220;1500px&#8220;][et_pb_column type=&#8220;4_4&#8243; _builder_version=&#8220;4.23.1&#8243; _module_preset=&#8220;default&#8220; global_colors_info=&#8220;{}&#8220; theme_builder_area=&#8220;post_content&#8220;][et_pb_text _builder_version=&#8220;4.23.1&#8243; _module_preset=&#8220;default&#8220; text_font_size=&#8220;16px&#8220; text_line_height=&#8220;1.6em&#8220; hover_enabled=&#8220;0&#8243; global_colors_info=&#8220;{}&#8220; theme_builder_area=&#8220;post_content&#8220; sticky_enabled=&#8220;0&#8243;]<\/p>\n<p><strong>Wer wir sind<\/strong><\/p>\n<p>Die Adresse der Website lautet: https:\/\/ \/greekspiritcarrental.gr\/<\/p>\n<p><strong>Kommentare<\/strong><\/p>\n<p>Wenn Besucher Kommentare auf der Website hinterlassen, sammeln wir die Daten, die auf dem Kommentarformular erscheinen, sowie die IP-Adresse des Besuchers und die Browser-Benutzerzeichenfolge, um Spam zu erkennen.<\/p>\n<p>Eine anonymisierte Zeichenfolge, die aus Ihrer E-Mail-Adresse generiert wird (auch &#8222;Hash&#8220; genannt), kann Gravatar zur Verf\u00fcgung gestellt werden, um zu sehen, ob Sie sie verwenden. Die Datenschutzbestimmungen des Gravatar-Dienstes finden Sie hier: https:\/\/automattic.com\/privacy\/. Nachdem Ihr Kommentar genehmigt wurde, ist Ihr Profilbild im Kontext Ihres Kommentars f\u00fcr die \u00d6ffentlichkeit sichtbar.<\/p>\n<p><strong>Multimedia<\/strong><\/p>\n<p>Wenn Sie Bilder auf die Website hochladen, sollten Sie das Hochladen von Bildern mit eingebetteten Standortdaten (EXIF-GPS) vermeiden. Die Besucher der Website k\u00f6nnen alle Standortdaten von den Bildern auf der Website herunterladen und extrahieren.<\/p>\n<p><strong>Cookies<\/strong><\/p>\n<p>Wenn Sie einen Kommentar auf unserer Website hinterlassen, k\u00f6nnen Sie w\u00e4hlen, ob Ihr Name, Ihre E-Mail-Adresse und Ihre Website in Cookies gespeichert werden sollen, damit Sie Ihre Daten nicht erneut eingeben m\u00fcssen, wenn Sie einen weiteren Kommentar hinterlassen. Diese Cookies sind ein Jahr lang g\u00fcltig.<\/p>\n<p>Wenn Sie ein Konto haben und sich auf der Website anmelden, legen wir ein tempor\u00e4res Cookie an, um festzustellen, ob Ihr Browser Cookies akzeptiert. Das Cookie enth\u00e4lt keine pers\u00f6nlichen Daten und wird gel\u00f6scht, sobald Sie Ihren Browser schlie\u00dfen.<\/p>\n<p>Wenn Sie sich anmelden, legen wir au\u00dferdem mehrere Cookies an, um Ihre Anmeldeinformationen und Bildschirmoptionen zu speichern. Anmelde-Cookies bleiben zwei Tage lang gespeichert, Cookies f\u00fcr Bildschirmoptionen ein Jahr lang. Wenn Sie &#8222;Angemeldet bleiben&#8220; w\u00e4hlen, bleibt Ihre Anmeldung zwei Wochen lang erhalten. Wenn Sie sich von Ihrem Konto abmelden, werden die Anmelde-Cookies entfernt.<\/p>\n<p>Wenn Sie einen Beitrag bearbeiten oder ver\u00f6ffentlichen, wird ein zus\u00e4tzliches Cookie in Ihrem Browser gespeichert. Dieses Cookie enth\u00e4lt keine pers\u00f6nlichen Daten und zeigt lediglich die Post-ID des Artikels an, den Sie gerade bearbeitet haben. Er verf\u00e4llt nach 1 Tag.<\/p>\n<p><strong>Eingebettete Inhalte von anderen Websites<\/strong><\/p>\n<p>Die Artikel auf dieser Website k\u00f6nnen eingebettete Inhalte enthalten (z. B. Videos, Bilder, Artikel usw.). Eingebettete Inhalte von anderen Websites verhalten sich genau so, als ob der Besucher die andere Website besuchen w\u00fcrde.<\/p>\n<p>Diese Websites k\u00f6nnen Daten \u00fcber Sie sammeln, Cookies verwenden, zus\u00e4tzliche Verfolgungsmechanismen von Drittanbietern einbauen und Ihre Interaktion mit diesem eingebetteten Inhalt verfolgen, einschlie\u00dflich der Verfolgung Ihrer Interaktion mit dem eingebetteten Inhalt, wenn Sie ein Konto haben und auf dieser Website angemeldet sind.<\/p>\n<p><strong>Mit wem wir Ihre Daten teilen<\/strong><\/p>\n<p>Wenn Sie die Zur\u00fccksetzung eines Passworts beantragt haben, wird die IP-Adresse in der E-Mail zur Zur\u00fccksetzung enthalten sein.<\/p>\n<p><strong>Wie lange wir Ihre Daten aufbewahren<\/strong><\/p>\n<p>Wenn Sie einen Kommentar hinterlassen, werden der Kommentar und seine Metadaten auf unbestimmte Zeit gespeichert. Auf diese Weise k\u00f6nnen wir nachfolgende Kommentare automatisch erkennen und genehmigen, anstatt sie in einer Moderationswarteschlange zu halten.<\/p>\n<p>Bei Nutzern, die sich auf unserer Website registrieren, speichern wir auch die pers\u00f6nlichen Daten, die sie in ihrem Nutzerprofil angeben. Alle Nutzer k\u00f6nnen ihre pers\u00f6nlichen Daten jederzeit einsehen, bearbeiten oder l\u00f6schen (mit Ausnahme ihres Benutzernamens). Die Administratoren dieser Website k\u00f6nnen diese Informationen ebenfalls einsehen und bearbeiten.<\/p>\n<p><strong>Welche Rechte Sie in Bezug auf Ihre Daten haben<\/strong><\/p>\n<p>Wenn Sie ein Konto auf dieser Website haben oder Kommentare hinterlassen haben, k\u00f6nnen Sie einen Auszug der personenbezogenen Daten anfordern, die wir \u00fcber Sie gespeichert haben, einschlie\u00dflich aller Daten, die Sie uns zur Verf\u00fcgung gestellt haben. Sie k\u00f6nnen auch verlangen, dass wir die personenbezogenen Daten, die wir \u00fcber Sie gespeichert haben, l\u00f6schen. Dies gilt nicht f\u00fcr Daten, die wir aus verwaltungstechnischen, rechtlichen oder Sicherheitsgr\u00fcnden aufbewahren m\u00fcssen.<\/p>\n<p><strong>Wohin Ihre Daten gesendet werden<\/strong><\/p>\n<p>Besucherkommentare k\u00f6nnen durch ein automatisches Spam-System \u00fcberpr\u00fcft werden.<\/p>\n<p>[\/et_pb_text][\/et_pb_column][\/et_pb_row][\/et_pb_section]<\/p>\n","protected":false},"excerpt":{"rendered":"<p>DatenschutzbestimmungenWer wir sind Die Adresse der Website lautet: https:\/\/ \/greekspiritcarrental.gr\/ Kommentare Wenn Besucher Kommentare auf der Website hinterlassen, sammeln wir die Daten, die auf dem Kommentarformular erscheinen, sowie die IP-Adresse des Besuchers und die Browser-Benutzerzeichenfolge, um Spam zu erkennen. Eine anonymisierte Zeichenfolge, die aus Ihrer E-Mail-Adresse generiert wird (auch &#8222;Hash&#8220; genannt), kann Gravatar zur Verf\u00fcgung [&hellip;]<\/p>\n","protected":false},"author":1,"featured_media":0,"parent":0,"menu_order":0,"comment_status":"closed","ping_status":"closed","template":"","meta":{"_et_pb_use_builder":"on","_et_pb_old_content":"","_et_gb_content_width":"","inline_featured_image":false,"footnotes":""},"class_list":["post-538","page","type-page","status-publish","hentry"],"yoast_head":"<!-- This site is optimized with the Yoast SEO plugin v23.3 - https:\/\/yoast.com\/wordpress\/plugins\/seo\/ -->\n<title>Datenschutzbestimmungen - Greek Spirit Car Rental<\/title>\n<meta name=\"robots\" content=\"index, follow, max-snippet:-1, max-image-preview:large, max-video-preview:-1\" \/>\n<link rel=\"canonical\" href=\"https:\/\/greekspiritcarrental.gr\/de\/datenschutzbestimmungen\/\" \/>\n<meta property=\"og:locale\" content=\"de_DE\" \/>\n<meta property=\"og:type\" content=\"article\" \/>\n<meta property=\"og:title\" content=\"Datenschutzbestimmungen - Greek Spirit Car Rental\" \/>\n<meta property=\"og:description\" content=\"DatenschutzbestimmungenWer wir sind Die Adresse der Website lautet: https:\/\/ \/greekspiritcarrental.gr\/ Kommentare Wenn Besucher Kommentare auf der Website hinterlassen, sammeln wir die Daten, die auf dem Kommentarformular erscheinen, sowie die IP-Adresse des Besuchers und die Browser-Benutzerzeichenfolge, um Spam zu erkennen. Eine anonymisierte Zeichenfolge, die aus Ihrer E-Mail-Adresse generiert wird (auch &quot;Hash&quot; genannt), kann Gravatar zur Verf\u00fcgung [&hellip;]\" \/>\n<meta property=\"og:url\" content=\"https:\/\/greekspiritcarrental.gr\/de\/datenschutzbestimmungen\/\" \/>\n<meta property=\"og:site_name\" content=\"Greek Spirit Car Rental\" \/>\n<meta property=\"article:publisher\" content=\"https:\/\/www.facebook.com\/people\/Greek-Spirit-Car-Rental\/100095393288684\/\" \/>\n<meta property=\"article:modified_time\" content=\"2024-04-05T09:52:09+00:00\" \/>\n<meta name=\"twitter:card\" content=\"summary_large_image\" \/>\n<meta name=\"twitter:label1\" content=\"Gesch\u00e4tzte Lesezeit\" \/>\n\t<meta name=\"twitter:data1\" content=\"4\u00a0Minuten\" \/>\n<script type=\"application\/ld+json\" class=\"yoast-schema-graph\">{\"@context\":\"https:\/\/schema.org\",\"@graph\":[{\"@type\":\"WebPage\",\"@id\":\"https:\/\/greekspiritcarrental.gr\/de\/datenschutzbestimmungen\/\",\"url\":\"https:\/\/greekspiritcarrental.gr\/de\/datenschutzbestimmungen\/\",\"name\":\"Datenschutzbestimmungen - Greek Spirit Car Rental\",\"isPartOf\":{\"@id\":\"https:\/\/greekspiritcarrental.gr\/de\/#website\"},\"datePublished\":\"2024-03-12T10:16:49+00:00\",\"dateModified\":\"2024-04-05T09:52:09+00:00\",\"breadcrumb\":{\"@id\":\"https:\/\/greekspiritcarrental.gr\/de\/datenschutzbestimmungen\/#breadcrumb\"},\"inLanguage\":\"de\",\"potentialAction\":[{\"@type\":\"ReadAction\",\"target\":[\"https:\/\/greekspiritcarrental.gr\/de\/datenschutzbestimmungen\/\"]}]},{\"@type\":\"BreadcrumbList\",\"@id\":\"https:\/\/greekspiritcarrental.gr\/de\/datenschutzbestimmungen\/#breadcrumb\",\"itemListElement\":[{\"@type\":\"ListItem\",\"position\":1,\"name\":\"\u0391\u03c1\u03c7\u03b9\u03ba\u03ae\",\"item\":\"https:\/\/greekspiritcarrental.gr\/de\/\"},{\"@type\":\"ListItem\",\"position\":2,\"name\":\"Datenschutzbestimmungen\"}]},{\"@type\":\"WebSite\",\"@id\":\"https:\/\/greekspiritcarrental.gr\/de\/#website\",\"url\":\"https:\/\/greekspiritcarrental.gr\/de\/\",\"name\":\"Greek Spirit Car Rental\",\"description\":\"\u0395\u03bd\u03bf\u03b9\u03ba\u03b9\u03ac\u03c3\u03b5\u03b9\u03c2 \u0391\u03c5\u03c4\u03bf\u03ba\u03b9\u03bd\u03ae\u03c4\u03c9\u03bd \u03c3\u03c4\u03b7 \u0398\u03b5\u03c3\u03c3\u03b1\u03bb\u03bf\u03bd\u03af\u03ba\u03b7\",\"publisher\":{\"@id\":\"https:\/\/greekspiritcarrental.gr\/de\/#organization\"},\"potentialAction\":[{\"@type\":\"SearchAction\",\"target\":{\"@type\":\"EntryPoint\",\"urlTemplate\":\"https:\/\/greekspiritcarrental.gr\/de\/?s={search_term_string}\"},\"query-input\":\"required name=search_term_string\"}],\"inLanguage\":\"de\"},{\"@type\":\"Organization\",\"@id\":\"https:\/\/greekspiritcarrental.gr\/de\/#organization\",\"name\":\"Greek Spirit Car Rental\",\"url\":\"https:\/\/greekspiritcarrental.gr\/de\/\",\"logo\":{\"@type\":\"ImageObject\",\"inLanguage\":\"de\",\"@id\":\"https:\/\/greekspiritcarrental.gr\/de\/#\/schema\/logo\/image\/\",\"url\":\"https:\/\/greekspiritcarrental.gr\/wp-content\/uploads\/2024\/03\/Greek_Spirit_CR_Logo.svg\",\"contentUrl\":\"https:\/\/greekspiritcarrental.gr\/wp-content\/uploads\/2024\/03\/Greek_Spirit_CR_Logo.svg\",\"width\":\"1024\",\"height\":\"1024\",\"caption\":\"Greek Spirit Car Rental\"},\"image\":{\"@id\":\"https:\/\/greekspiritcarrental.gr\/de\/#\/schema\/logo\/image\/\"},\"sameAs\":[\"https:\/\/www.facebook.com\/people\/Greek-Spirit-Car-Rental\/100095393288684\/\"]}]}<\/script>\n<!-- \/ Yoast SEO plugin. -->","yoast_head_json":{"title":"Datenschutzbestimmungen - Greek Spirit Car Rental","robots":{"index":"index","follow":"follow","max-snippet":"max-snippet:-1","max-image-preview":"max-image-preview:large","max-video-preview":"max-video-preview:-1"},"canonical":"https:\/\/greekspiritcarrental.gr\/de\/datenschutzbestimmungen\/","og_locale":"de_DE","og_type":"article","og_title":"Datenschutzbestimmungen - Greek Spirit Car Rental","og_description":"DatenschutzbestimmungenWer wir sind Die Adresse der Website lautet: https:\/\/ \/greekspiritcarrental.gr\/ Kommentare Wenn Besucher Kommentare auf der Website hinterlassen, sammeln wir die Daten, die auf dem Kommentarformular erscheinen, sowie die IP-Adresse des Besuchers und die Browser-Benutzerzeichenfolge, um Spam zu erkennen. Eine anonymisierte Zeichenfolge, die aus Ihrer E-Mail-Adresse generiert wird (auch \"Hash\" genannt), kann Gravatar zur Verf\u00fcgung [&hellip;]","og_url":"https:\/\/greekspiritcarrental.gr\/de\/datenschutzbestimmungen\/","og_site_name":"Greek Spirit Car Rental","article_publisher":"https:\/\/www.facebook.com\/people\/Greek-Spirit-Car-Rental\/100095393288684\/","article_modified_time":"2024-04-05T09:52:09+00:00","twitter_card":"summary_large_image","twitter_misc":{"Gesch\u00e4tzte Lesezeit":"4\u00a0Minuten"},"schema":{"@context":"https:\/\/schema.org","@graph":[{"@type":"WebPage","@id":"https:\/\/greekspiritcarrental.gr\/de\/datenschutzbestimmungen\/","url":"https:\/\/greekspiritcarrental.gr\/de\/datenschutzbestimmungen\/","name":"Datenschutzbestimmungen - Greek Spirit Car Rental","isPartOf":{"@id":"https:\/\/greekspiritcarrental.gr\/de\/#website"},"datePublished":"2024-03-12T10:16:49+00:00","dateModified":"2024-04-05T09:52:09+00:00","breadcrumb":{"@id":"https:\/\/greekspiritcarrental.gr\/de\/datenschutzbestimmungen\/#breadcrumb"},"inLanguage":"de","potentialAction":[{"@type":"ReadAction","target":["https:\/\/greekspiritcarrental.gr\/de\/datenschutzbestimmungen\/"]}]},{"@type":"BreadcrumbList","@id":"https:\/\/greekspiritcarrental.gr\/de\/datenschutzbestimmungen\/#breadcrumb","itemListElement":[{"@type":"ListItem","position":1,"name":"\u0391\u03c1\u03c7\u03b9\u03ba\u03ae","item":"https:\/\/greekspiritcarrental.gr\/de\/"},{"@type":"ListItem","position":2,"name":"Datenschutzbestimmungen"}]},{"@type":"WebSite","@id":"https:\/\/greekspiritcarrental.gr\/de\/#website","url":"https:\/\/greekspiritcarrental.gr\/de\/","name":"Greek Spirit Car Rental","description":"\u0395\u03bd\u03bf\u03b9\u03ba\u03b9\u03ac\u03c3\u03b5\u03b9\u03c2 \u0391\u03c5\u03c4\u03bf\u03ba\u03b9\u03bd\u03ae\u03c4\u03c9\u03bd \u03c3\u03c4\u03b7 \u0398\u03b5\u03c3\u03c3\u03b1\u03bb\u03bf\u03bd\u03af\u03ba\u03b7","publisher":{"@id":"https:\/\/greekspiritcarrental.gr\/de\/#organization"},"potentialAction":[{"@type":"SearchAction","target":{"@type":"EntryPoint","urlTemplate":"https:\/\/greekspiritcarrental.gr\/de\/?s={search_term_string}"},"query-input":"required name=search_term_string"}],"inLanguage":"de"},{"@type":"Organization","@id":"https:\/\/greekspiritcarrental.gr\/de\/#organization","name":"Greek Spirit Car Rental","url":"https:\/\/greekspiritcarrental.gr\/de\/","logo":{"@type":"ImageObject","inLanguage":"de","@id":"https:\/\/greekspiritcarrental.gr\/de\/#\/schema\/logo\/image\/","url":"https:\/\/greekspiritcarrental.gr\/wp-content\/uploads\/2024\/03\/Greek_Spirit_CR_Logo.svg","contentUrl":"https:\/\/greekspiritcarrental.gr\/wp-content\/uploads\/2024\/03\/Greek_Spirit_CR_Logo.svg","width":"1024","height":"1024","caption":"Greek Spirit Car Rental"},"image":{"@id":"https:\/\/greekspiritcarrental.gr\/de\/#\/schema\/logo\/image\/"},"sameAs":["https:\/\/www.facebook.com\/people\/Greek-Spirit-Car-Rental\/100095393288684\/"]}]}},"_links":{"self":[{"href":"https:\/\/greekspiritcarrental.gr\/de\/wp-json\/wp\/v2\/pages\/538","targetHints":{"allow":["GET"]}}],"collection":[{"href":"https:\/\/greekspiritcarrental.gr\/de\/wp-json\/wp\/v2\/pages"}],"about":[{"href":"https:\/\/greekspiritcarrental.gr\/de\/wp-json\/wp\/v2\/types\/page"}],"author":[{"embeddable":true,"href":"https:\/\/greekspiritcarrental.gr\/de\/wp-json\/wp\/v2\/users\/1"}],"replies":[{"embeddable":true,"href":"https:\/\/greekspiritcarrental.gr\/de\/wp-json\/wp\/v2\/comments?post=538"}],"version-history":[{"count":2,"href":"https:\/\/greekspiritcarrental.gr\/de\/wp-json\/wp\/v2\/pages\/538\/revisions"}],"predecessor-version":[{"id":540,"href":"https:\/\/greekspiritcarrental.gr\/de\/wp-json\/wp\/v2\/pages\/538\/revisions\/540"}],"wp:attachment":[{"href":"https:\/\/greekspiritcarrental.gr\/de\/wp-json\/wp\/v2\/media?parent=538"}],"curies":[{"name":"wp","href":"https:\/\/api.w.org\/{rel}","templated":true}]}}