{"id":523,"date":"2023-12-12T14:13:21","date_gmt":"2023-12-12T14:13:21","guid":{"rendered":"https:\/\/greekspiritcarrental.gr\/das-unternehmen\/"},"modified":"2024-04-05T09:37:53","modified_gmt":"2024-04-05T09:37:53","slug":"das-unternehmen","status":"publish","type":"page","link":"https:\/\/greekspiritcarrental.gr\/de\/das-unternehmen\/","title":{"rendered":"DAS UNTERNEHMEN"},"content":{"rendered":"<p>[et_pb_section fb_built=&#8220;1&#8243; module_class=&#8220;main-banner&#8220; _builder_version=&#8220;4.23.1&#8243; _module_preset=&#8220;default&#8220; use_background_color_gradient=&#8220;on&#8220; background_color_gradient_direction=&#8220;90deg&#8220; background_color_gradient_stops=&#8220;#ffffff 30%|rgba(10,1,1,0.08) 100%&#8220; background_color_gradient_overlays_image=&#8220;on&#8220; background_image=&#8220;https:\/\/greekspiritcarrental.gr\/wp-content\/uploads\/2023\/12\/aboutus-banner-2.jpg&#8220; parallax=&#8220;on&#8220; global_colors_info=&#8220;{}&#8220;][et_pb_row _builder_version=&#8220;4.23.1&#8243; _module_preset=&#8220;default&#8220; animation_style=&#8220;slide&#8220; animation_direction=&#8220;bottom&#8220; global_colors_info=&#8220;{}&#8220;][et_pb_column type=&#8220;4_4&#8243; _builder_version=&#8220;4.23.1&#8243; _module_preset=&#8220;default&#8220; global_colors_info=&#8220;{}&#8220;][et_pb_text _builder_version=&#8220;4.23.1&#8243; _module_preset=&#8220;default&#8220; header_text_color=&#8220;gcid-df2aafa5-7ab2-4adc-8137-68e60c88de2f&#8220; header_font_size=&#8220;40px&#8220; custom_margin=&#8220;||20px||false|false&#8220; global_colors_info=&#8220;{%22gcid-df2aafa5-7ab2-4adc-8137-68e60c88de2f%22:%91%22header_text_color%22%93}&#8220;]<\/p>\n<h1><strong>\u00dcBER UNS<\/strong><\/h1>\n<p>[\/et_pb_text][et_pb_button button_url=&#8220;https:\/\/greekspiritcarrental.gr\/flotte\/?lang=de&#8220; button_text=&#8220;FLOTTE&#8220; _builder_version=&#8220;4.23.1&#8243; _module_preset=&#8220;default&#8220; custom_button=&#8220;on&#8220; button_text_size=&#8220;17px&#8220; button_text_color=&#8220;#FFFFFF&#8220; button_bg_color=&#8220;gcid-df2aafa5-7ab2-4adc-8137-68e60c88de2f&#8220; button_border_color=&#8220;gcid-df2aafa5-7ab2-4adc-8137-68e60c88de2f&#8220; global_colors_info=&#8220;{%22gcid-df2aafa5-7ab2-4adc-8137-68e60c88de2f%22:%91%22button_bg_color%22,%22button_border_color%22,%22button_text_color__hover%22%93}&#8220; button_bg_color__hover_enabled=&#8220;on|hover&#8220; button_bg_color__hover=&#8220;RGBA(255,255,255,0)&#8220; button_bg_enable_color__hover=&#8220;on&#8220; button_text_color__hover_enabled=&#8220;on|hover&#8220; button_text_color__hover=&#8220;#095dae&#8220;][\/et_pb_button][\/et_pb_column][\/et_pb_row][\/et_pb_section][et_pb_section fb_built=&#8220;1&#8243; _builder_version=&#8220;4.23.1&#8243; _module_preset=&#8220;default&#8220; global_colors_info=&#8220;{}&#8220; custom_padding=&#8220;17px||40px|||&#8220;][et_pb_row column_structure=&#8220;1_2,1_2&#8243; _builder_version=&#8220;4.23.1&#8243; _module_preset=&#8220;default&#8220; hover_enabled=&#8220;0&#8243; global_colors_info=&#8220;{}&#8220; make_equal=&#8220;on&#8220; custom_css_free_form=&#8220;selector{||  align-items: center;||}&#8220; sticky_enabled=&#8220;0&#8243;][et_pb_column type=&#8220;1_2&#8243; _builder_version=&#8220;4.23.1&#8243; _module_preset=&#8220;default&#8220; global_colors_info=&#8220;{}&#8220;][et_pb_text module_class=&#8220;main-title-modern&#8220; _builder_version=&#8220;4.23.1&#8243; _module_preset=&#8220;default&#8220; header_2_text_align=&#8220;left&#8220; custom_margin=&#8220;||40px||false|false&#8220; hover_enabled=&#8220;0&#8243; global_colors_info=&#8220;{}&#8220; locked=&#8220;off&#8220; sticky_enabled=&#8220;0&#8243;]<\/p>\n<h2>Lernen Sie uns kennen<\/h2>\n<p>[\/et_pb_text][et_pb_text _builder_version=&#8220;4.23.1&#8243; _module_preset=&#8220;default&#8220; text_font_size=&#8220;16px&#8220; text_line_height=&#8220;1.6em&#8220; global_colors_info=&#8220;{}&#8220;]<\/p>\n<p>Greek Spirit Car Rental ist ein neues Unternehmen mit Sitz in Thessaloniki, das sich st\u00e4ndig auf dem Gebiet der Autovermietung weiterentwickelt.<\/p>\n<p>Basierend auf unserem langj\u00e4hrigen Wissen und unserer Erfahrung in der Autowartung bieten wir unseren Kunden qualitativ hochwertige Dienstleistungen. Wir stellen qualitativ hochwertige und zuverl\u00e4ssige Mietwagen f\u00fcr jede Reise zur Verf\u00fcgung, wobei wir die Sicherheit, den Service, den Komfort und die Kundenzufriedenheit in den Vordergrund stellen und gleichzeitig erschwingliche Preise und g\u00fcnstige Standorte beibehalten. Wir behandeln unsere Kunden mit Respekt, Ehrlichkeit und Transparenz und bauen dauerhafte Beziehungen zu ihnen auf, die auf Vertrauen basieren.<\/p>\n<p>Sichern Sie sich Dutzende von Angeboten und Preisnachl\u00e4ssen, indem Sie bei uns ein Auto mieten.<\/p>\n<p>[\/et_pb_text][et_pb_button button_url=&#8220;https:\/\/greekspiritcarrental.gr\/buchen\/?lang=de&#8220; button_text=&#8220;Reservieren Sie&#8220; button_alignment=&#8220;left&#8220; _builder_version=&#8220;4.23.1&#8243; _module_preset=&#8220;default&#8220; custom_button=&#8220;on&#8220; button_text_size=&#8220;18px&#8220; button_text_color=&#8220;#FFFFFF&#8220; button_bg_color=&#8220;gcid-df2aafa5-7ab2-4adc-8137-68e60c88de2f&#8220; button_border_color=&#8220;gcid-df2aafa5-7ab2-4adc-8137-68e60c88de2f&#8220; button_border_radius=&#8220;0px&#8220; button_icon=&#8220;&#x24;||divi||400&#8243; global_colors_info=&#8220;{%22gcid-df2aafa5-7ab2-4adc-8137-68e60c88de2f%22:%91%22button_bg_color%22,%22button_border_color%22%93}&#8220; locked=&#8220;off&#8220;][\/et_pb_button][\/et_pb_column][et_pb_column type=&#8220;1_2&#8243; _builder_version=&#8220;4.23.1&#8243; _module_preset=&#8220;default&#8220; global_colors_info=&#8220;{}&#8220;][et_pb_image src=&#8220;https:\/\/greekspiritcarrental.gr\/wp-content\/uploads\/2024\/03\/greek-spirit.jpg&#8220; title_text=&#8220;greek-spirit&#8220; align=&#8220;center&#8220; _builder_version=&#8220;4.23.1&#8243; _module_preset=&#8220;default&#8220; hover_enabled=&#8220;0&#8243; global_colors_info=&#8220;{}&#8220; sticky_enabled=&#8220;0&#8243;][\/et_pb_image][\/et_pb_column][\/et_pb_row][\/et_pb_section]<\/p>\n","protected":false},"excerpt":{"rendered":"<p>\u00dcBER UNSLernen Sie uns kennenGreek Spirit Car Rental ist ein neues Unternehmen mit Sitz in Thessaloniki, das sich st\u00e4ndig auf dem Gebiet der Autovermietung weiterentwickelt. Basierend auf unserem langj\u00e4hrigen Wissen und unserer Erfahrung in der Autowartung bieten wir unseren Kunden qualitativ hochwertige Dienstleistungen. Wir stellen qualitativ hochwertige und zuverl\u00e4ssige Mietwagen f\u00fcr jede Reise zur Verf\u00fcgung, [&hellip;]<\/p>\n","protected":false},"author":1,"featured_media":0,"parent":0,"menu_order":0,"comment_status":"closed","ping_status":"closed","template":"","meta":{"_et_pb_use_builder":"on","_et_pb_old_content":"","_et_gb_content_width":"","inline_featured_image":false,"footnotes":""},"class_list":["post-523","page","type-page","status-publish","hentry"],"yoast_head":"<!-- This site is optimized with the Yoast SEO plugin v23.3 - https:\/\/yoast.com\/wordpress\/plugins\/seo\/ -->\n<title>DAS UNTERNEHMEN - Greek Spirit Car Rental<\/title>\n<meta name=\"robots\" content=\"index, follow, max-snippet:-1, max-image-preview:large, max-video-preview:-1\" \/>\n<link rel=\"canonical\" href=\"https:\/\/greekspiritcarrental.gr\/de\/das-unternehmen\/\" \/>\n<meta property=\"og:locale\" content=\"de_DE\" \/>\n<meta property=\"og:type\" content=\"article\" \/>\n<meta property=\"og:title\" content=\"DAS UNTERNEHMEN - Greek Spirit Car Rental\" \/>\n<meta property=\"og:description\" content=\"\u00dcBER UNSLernen Sie uns kennenGreek Spirit Car Rental ist ein neues Unternehmen mit Sitz in Thessaloniki, das sich st\u00e4ndig auf dem Gebiet der Autovermietung weiterentwickelt. Basierend auf unserem langj\u00e4hrigen Wissen und unserer Erfahrung in der Autowartung bieten wir unseren Kunden qualitativ hochwertige Dienstleistungen. Wir stellen qualitativ hochwertige und zuverl\u00e4ssige Mietwagen f\u00fcr jede Reise zur Verf\u00fcgung, [&hellip;]\" \/>\n<meta property=\"og:url\" content=\"https:\/\/greekspiritcarrental.gr\/de\/das-unternehmen\/\" \/>\n<meta property=\"og:site_name\" content=\"Greek Spirit Car Rental\" \/>\n<meta property=\"article:publisher\" content=\"https:\/\/www.facebook.com\/people\/Greek-Spirit-Car-Rental\/100095393288684\/\" \/>\n<meta property=\"article:modified_time\" content=\"2024-04-05T09:37:53+00:00\" \/>\n<meta name=\"twitter:card\" content=\"summary_large_image\" \/>\n<meta name=\"twitter:label1\" content=\"Gesch\u00e4tzte Lesezeit\" \/>\n\t<meta name=\"twitter:data1\" content=\"3\u00a0Minuten\" \/>\n<script type=\"application\/ld+json\" class=\"yoast-schema-graph\">{\"@context\":\"https:\/\/schema.org\",\"@graph\":[{\"@type\":\"WebPage\",\"@id\":\"https:\/\/greekspiritcarrental.gr\/de\/das-unternehmen\/\",\"url\":\"https:\/\/greekspiritcarrental.gr\/de\/das-unternehmen\/\",\"name\":\"DAS UNTERNEHMEN - Greek Spirit Car Rental\",\"isPartOf\":{\"@id\":\"https:\/\/greekspiritcarrental.gr\/de\/#website\"},\"datePublished\":\"2023-12-12T14:13:21+00:00\",\"dateModified\":\"2024-04-05T09:37:53+00:00\",\"breadcrumb\":{\"@id\":\"https:\/\/greekspiritcarrental.gr\/de\/das-unternehmen\/#breadcrumb\"},\"inLanguage\":\"de\",\"potentialAction\":[{\"@type\":\"ReadAction\",\"target\":[\"https:\/\/greekspiritcarrental.gr\/de\/das-unternehmen\/\"]}]},{\"@type\":\"BreadcrumbList\",\"@id\":\"https:\/\/greekspiritcarrental.gr\/de\/das-unternehmen\/#breadcrumb\",\"itemListElement\":[{\"@type\":\"ListItem\",\"position\":1,\"name\":\"\u0391\u03c1\u03c7\u03b9\u03ba\u03ae\",\"item\":\"https:\/\/greekspiritcarrental.gr\/de\/\"},{\"@type\":\"ListItem\",\"position\":2,\"name\":\"DAS UNTERNEHMEN\"}]},{\"@type\":\"WebSite\",\"@id\":\"https:\/\/greekspiritcarrental.gr\/de\/#website\",\"url\":\"https:\/\/greekspiritcarrental.gr\/de\/\",\"name\":\"Greek Spirit Car Rental\",\"description\":\"\u0395\u03bd\u03bf\u03b9\u03ba\u03b9\u03ac\u03c3\u03b5\u03b9\u03c2 \u0391\u03c5\u03c4\u03bf\u03ba\u03b9\u03bd\u03ae\u03c4\u03c9\u03bd \u03c3\u03c4\u03b7 \u0398\u03b5\u03c3\u03c3\u03b1\u03bb\u03bf\u03bd\u03af\u03ba\u03b7\",\"publisher\":{\"@id\":\"https:\/\/greekspiritcarrental.gr\/de\/#organization\"},\"potentialAction\":[{\"@type\":\"SearchAction\",\"target\":{\"@type\":\"EntryPoint\",\"urlTemplate\":\"https:\/\/greekspiritcarrental.gr\/de\/?s={search_term_string}\"},\"query-input\":\"required name=search_term_string\"}],\"inLanguage\":\"de\"},{\"@type\":\"Organization\",\"@id\":\"https:\/\/greekspiritcarrental.gr\/de\/#organization\",\"name\":\"Greek Spirit Car Rental\",\"url\":\"https:\/\/greekspiritcarrental.gr\/de\/\",\"logo\":{\"@type\":\"ImageObject\",\"inLanguage\":\"de\",\"@id\":\"https:\/\/greekspiritcarrental.gr\/de\/#\/schema\/logo\/image\/\",\"url\":\"https:\/\/greekspiritcarrental.gr\/wp-content\/uploads\/2024\/03\/Greek_Spirit_CR_Logo.svg\",\"contentUrl\":\"https:\/\/greekspiritcarrental.gr\/wp-content\/uploads\/2024\/03\/Greek_Spirit_CR_Logo.svg\",\"width\":\"1024\",\"height\":\"1024\",\"caption\":\"Greek Spirit Car Rental\"},\"image\":{\"@id\":\"https:\/\/greekspiritcarrental.gr\/de\/#\/schema\/logo\/image\/\"},\"sameAs\":[\"https:\/\/www.facebook.com\/people\/Greek-Spirit-Car-Rental\/100095393288684\/\"]}]}<\/script>\n<!-- \/ Yoast SEO plugin. -->","yoast_head_json":{"title":"DAS UNTERNEHMEN - Greek Spirit Car Rental","robots":{"index":"index","follow":"follow","max-snippet":"max-snippet:-1","max-image-preview":"max-image-preview:large","max-video-preview":"max-video-preview:-1"},"canonical":"https:\/\/greekspiritcarrental.gr\/de\/das-unternehmen\/","og_locale":"de_DE","og_type":"article","og_title":"DAS UNTERNEHMEN - Greek Spirit Car Rental","og_description":"\u00dcBER UNSLernen Sie uns kennenGreek Spirit Car Rental ist ein neues Unternehmen mit Sitz in Thessaloniki, das sich st\u00e4ndig auf dem Gebiet der Autovermietung weiterentwickelt. Basierend auf unserem langj\u00e4hrigen Wissen und unserer Erfahrung in der Autowartung bieten wir unseren Kunden qualitativ hochwertige Dienstleistungen. Wir stellen qualitativ hochwertige und zuverl\u00e4ssige Mietwagen f\u00fcr jede Reise zur Verf\u00fcgung, [&hellip;]","og_url":"https:\/\/greekspiritcarrental.gr\/de\/das-unternehmen\/","og_site_name":"Greek Spirit Car Rental","article_publisher":"https:\/\/www.facebook.com\/people\/Greek-Spirit-Car-Rental\/100095393288684\/","article_modified_time":"2024-04-05T09:37:53+00:00","twitter_card":"summary_large_image","twitter_misc":{"Gesch\u00e4tzte Lesezeit":"3\u00a0Minuten"},"schema":{"@context":"https:\/\/schema.org","@graph":[{"@type":"WebPage","@id":"https:\/\/greekspiritcarrental.gr\/de\/das-unternehmen\/","url":"https:\/\/greekspiritcarrental.gr\/de\/das-unternehmen\/","name":"DAS UNTERNEHMEN - Greek Spirit Car Rental","isPartOf":{"@id":"https:\/\/greekspiritcarrental.gr\/de\/#website"},"datePublished":"2023-12-12T14:13:21+00:00","dateModified":"2024-04-05T09:37:53+00:00","breadcrumb":{"@id":"https:\/\/greekspiritcarrental.gr\/de\/das-unternehmen\/#breadcrumb"},"inLanguage":"de","potentialAction":[{"@type":"ReadAction","target":["https:\/\/greekspiritcarrental.gr\/de\/das-unternehmen\/"]}]},{"@type":"BreadcrumbList","@id":"https:\/\/greekspiritcarrental.gr\/de\/das-unternehmen\/#breadcrumb","itemListElement":[{"@type":"ListItem","position":1,"name":"\u0391\u03c1\u03c7\u03b9\u03ba\u03ae","item":"https:\/\/greekspiritcarrental.gr\/de\/"},{"@type":"ListItem","position":2,"name":"DAS UNTERNEHMEN"}]},{"@type":"WebSite","@id":"https:\/\/greekspiritcarrental.gr\/de\/#website","url":"https:\/\/greekspiritcarrental.gr\/de\/","name":"Greek Spirit Car Rental","description":"\u0395\u03bd\u03bf\u03b9\u03ba\u03b9\u03ac\u03c3\u03b5\u03b9\u03c2 \u0391\u03c5\u03c4\u03bf\u03ba\u03b9\u03bd\u03ae\u03c4\u03c9\u03bd \u03c3\u03c4\u03b7 \u0398\u03b5\u03c3\u03c3\u03b1\u03bb\u03bf\u03bd\u03af\u03ba\u03b7","publisher":{"@id":"https:\/\/greekspiritcarrental.gr\/de\/#organization"},"potentialAction":[{"@type":"SearchAction","target":{"@type":"EntryPoint","urlTemplate":"https:\/\/greekspiritcarrental.gr\/de\/?s={search_term_string}"},"query-input":"required name=search_term_string"}],"inLanguage":"de"},{"@type":"Organization","@id":"https:\/\/greekspiritcarrental.gr\/de\/#organization","name":"Greek Spirit Car Rental","url":"https:\/\/greekspiritcarrental.gr\/de\/","logo":{"@type":"ImageObject","inLanguage":"de","@id":"https:\/\/greekspiritcarrental.gr\/de\/#\/schema\/logo\/image\/","url":"https:\/\/greekspiritcarrental.gr\/wp-content\/uploads\/2024\/03\/Greek_Spirit_CR_Logo.svg","contentUrl":"https:\/\/greekspiritcarrental.gr\/wp-content\/uploads\/2024\/03\/Greek_Spirit_CR_Logo.svg","width":"1024","height":"1024","caption":"Greek Spirit Car Rental"},"image":{"@id":"https:\/\/greekspiritcarrental.gr\/de\/#\/schema\/logo\/image\/"},"sameAs":["https:\/\/www.facebook.com\/people\/Greek-Spirit-Car-Rental\/100095393288684\/"]}]}},"_links":{"self":[{"href":"https:\/\/greekspiritcarrental.gr\/de\/wp-json\/wp\/v2\/pages\/523","targetHints":{"allow":["GET"]}}],"collection":[{"href":"https:\/\/greekspiritcarrental.gr\/de\/wp-json\/wp\/v2\/pages"}],"about":[{"href":"https:\/\/greekspiritcarrental.gr\/de\/wp-json\/wp\/v2\/types\/page"}],"author":[{"embeddable":true,"href":"https:\/\/greekspiritcarrental.gr\/de\/wp-json\/wp\/v2\/users\/1"}],"replies":[{"embeddable":true,"href":"https:\/\/greekspiritcarrental.gr\/de\/wp-json\/wp\/v2\/comments?post=523"}],"version-history":[{"count":2,"href":"https:\/\/greekspiritcarrental.gr\/de\/wp-json\/wp\/v2\/pages\/523\/revisions"}],"predecessor-version":[{"id":525,"href":"https:\/\/greekspiritcarrental.gr\/de\/wp-json\/wp\/v2\/pages\/523\/revisions\/525"}],"wp:attachment":[{"href":"https:\/\/greekspiritcarrental.gr\/de\/wp-json\/wp\/v2\/media?parent=523"}],"curies":[{"name":"wp","href":"https:\/\/api.w.org\/{rel}","templated":true}]}}